{"id":595,"date":"2026-02-27T12:59:52","date_gmt":"2026-02-27T12:59:52","guid":{"rendered":"https:\/\/originaldocumentproviders.com\/?page_id=595"},"modified":"2026-02-27T13:10:36","modified_gmt":"2026-02-27T13:10:36","slug":"zglos-naduzycie","status":"publish","type":"page","link":"https:\/\/originaldocumentproviders.com\/pl\/zglos-naduzycie\/","title":{"rendered":"Zg\u0142o\u015b nadu\u017cycie"},"content":{"rendered":"<div data-elementor-type=\"wp-page\" data-elementor-id=\"595\" class=\"elementor elementor-595\">\n\t\t\t\t<div class=\"elementor-element elementor-element-d213dbf e-flex e-con-boxed e-con e-parent\" data-id=\"d213dbf\" data-element_type=\"container\" data-settings=\"{&quot;background_background&quot;:&quot;classic&quot;}\">\n\t\t\t\t\t<div class=\"e-con-inner\">\n\t\t<div class=\"elementor-element elementor-element-79f312e e-con-full e-flex e-con e-child\" data-id=\"79f312e\" data-element_type=\"container\">\n\t\t\t\t<div class=\"elementor-element elementor-element-a83f1b4 elementor-widget elementor-widget-heading\" data-id=\"a83f1b4\" data-element_type=\"widget\" data-widget_type=\"heading.default\">\n\t\t\t\t<div class=\"elementor-widget-container\">\n\t\t\t\t\t<h1 class=\"elementor-heading-title elementor-size-default\">Zg\u0142o\u015b oszustwo<\/h1>\t\t\t\t<\/div>\n\t\t\t\t<\/div>\n\t\t\t\t<\/div>\n\t\t\t\t\t<\/div>\n\t\t\t\t<\/div>\n\t\t<div class=\"elementor-element elementor-element-c76ad99 e-flex e-con-boxed e-con e-parent\" data-id=\"c76ad99\" data-element_type=\"container\">\n\t\t\t\t\t<div class=\"e-con-inner\">\n\t\t\t\t<div class=\"elementor-element elementor-element-4ad06fc elementor-widget elementor-widget-text-editor\" data-id=\"4ad06fc\" data-element_type=\"widget\" data-widget_type=\"text-editor.default\">\n\t\t\t\t<div class=\"elementor-widget-container\">\n\t\t\t\t\t\t\t\t\t<p>Zobowi\u0105zujemy si\u0119 do utrzymywania bezpiecznego i uczciwego \u015brodowiska dla wszystkich naszych u\u017cytkownik\u00f3w. Je\u015bli spotka\u0142e\u015b si\u0119 z oszustwem, n\u0119kaniem lub jak\u0105kolwiek form\u0105 nadu\u017cycia na naszej stronie internetowej, poinformuj nas o tym natychmiast, aby\u015bmy mogli podj\u0105\u0107 niezb\u0119dne dzia\u0142ania.<\/p><h3 data-path-to-node=\"5\">Jak zg\u0142osi\u0107<\/h3><p data-path-to-node=\"6\">Aby pom\u00f3c nam w skutecznym rozpatrzeniu roszczenia, prosimy o przes\u0142anie wiadomo\u015bci e-mail do naszego zespo\u0142u ds. bezpiecze\u0144stwa na adres:\u00a0<\/p><p><strong>reportabuseoriginaldocuments@gmail.com<\/strong><\/p>\t\t\t\t\t\t\t\t<\/div>\n\t\t\t\t<\/div>\n\t\t\t\t\t<\/div>\n\t\t\t\t<\/div>\n\t\t\t\t<\/div>","protected":false},"excerpt":{"rendered":"<p>Zg\u0142o\u015b SCAM D\u0105\u017cymy do utrzymania bezpiecznego i uczciwego \u015brodowiska dla wszystkich naszych u\u017cytkownik\u00f3w. Je\u015bli spotka\u0142e\u015b si\u0119 z oszustwem, n\u0119kaniem lub jak\u0105kolwiek form\u0105 nadu\u017cycia na naszej stronie, poinformuj nas o tym natychmiast, aby\u015bmy mogli podj\u0105\u0107 niezb\u0119dne dzia\u0142ania. Jak zg\u0142osi\u0107 Aby pom\u00f3c nam skutecznie zbada\u0107 roszczenie, wy\u015blij [...]<\/p>","protected":false},"author":1,"featured_media":0,"parent":0,"menu_order":0,"comment_status":"closed","ping_status":"closed","template":"","meta":{"site-sidebar-layout":"no-sidebar","site-content-layout":"","ast-site-content-layout":"full-width-container","site-content-style":"default","site-sidebar-style":"default","ast-global-header-display":"","ast-banner-title-visibility":"","ast-main-header-display":"","ast-hfb-above-header-display":"","ast-hfb-below-header-display":"","ast-hfb-mobile-header-display":"","site-post-title":"disabled","ast-breadcrumbs-content":"","ast-featured-img":"disabled","footer-sml-layout":"","theme-transparent-header-meta":"","adv-header-id-meta":"","stick-header-meta":"","header-above-stick-meta":"","header-main-stick-meta":"","header-below-stick-meta":"","astra-migrate-meta-layouts":"default","ast-page-background-enabled":"default","ast-page-background-meta":{"desktop":{"background-color":"var(--ast-global-color-4)","background-image":"","background-repeat":"repeat","background-position":"center center","background-size":"auto","background-attachment":"scroll","background-type":"","background-media":"","overlay-type":"","overlay-color":"","overlay-opacity":"","overlay-gradient":""},"tablet":{"background-color":"","background-image":"","background-repeat":"repeat","background-position":"center center","background-size":"auto","background-attachment":"scroll","background-type":"","background-media":"","overlay-type":"","overlay-color":"","overlay-opacity":"","overlay-gradient":""},"mobile":{"background-color":"","background-image":"","background-repeat":"repeat","background-position":"center center","background-size":"auto","background-attachment":"scroll","background-type":"","background-media":"","overlay-type":"","overlay-color":"","overlay-opacity":"","overlay-gradient":""}},"ast-content-background-meta":{"desktop":{"background-color":"var(--ast-global-color-5)","background-image":"","background-repeat":"repeat","background-position":"center center","background-size":"auto","background-attachment":"scroll","background-type":"","background-media":"","overlay-type":"","overlay-color":"","overlay-opacity":"","overlay-gradient":""},"tablet":{"background-color":"var(--ast-global-color-5)","background-image":"","background-repeat":"repeat","background-position":"center center","background-size":"auto","background-attachment":"scroll","background-type":"","background-media":"","overlay-type":"","overlay-color":"","overlay-opacity":"","overlay-gradient":""},"mobile":{"background-color":"var(--ast-global-color-5)","background-image":"","background-repeat":"repeat","background-position":"center center","background-size":"auto","background-attachment":"scroll","background-type":"","background-media":"","overlay-type":"","overlay-color":"","overlay-opacity":"","overlay-gradient":""}},"footnotes":""},"class_list":["post-595","page","type-page","status-publish","hentry"],"_links":{"self":[{"href":"https:\/\/originaldocumentproviders.com\/pl\/wp-json\/wp\/v2\/pages\/595","targetHints":{"allow":["GET"]}}],"collection":[{"href":"https:\/\/originaldocumentproviders.com\/pl\/wp-json\/wp\/v2\/pages"}],"about":[{"href":"https:\/\/originaldocumentproviders.com\/pl\/wp-json\/wp\/v2\/types\/page"}],"author":[{"embeddable":true,"href":"https:\/\/originaldocumentproviders.com\/pl\/wp-json\/wp\/v2\/users\/1"}],"replies":[{"embeddable":true,"href":"https:\/\/originaldocumentproviders.com\/pl\/wp-json\/wp\/v2\/comments?post=595"}],"version-history":[{"count":4,"href":"https:\/\/originaldocumentproviders.com\/pl\/wp-json\/wp\/v2\/pages\/595\/revisions"}],"predecessor-version":[{"id":617,"href":"https:\/\/originaldocumentproviders.com\/pl\/wp-json\/wp\/v2\/pages\/595\/revisions\/617"}],"wp:attachment":[{"href":"https:\/\/originaldocumentproviders.com\/pl\/wp-json\/wp\/v2\/media?parent=595"}],"curies":[{"name":"wp","href":"https:\/\/api.w.org\/{rel}","templated":true}]}}