{"id":595,"date":"2026-02-27T12:59:52","date_gmt":"2026-02-27T12:59:52","guid":{"rendered":"https:\/\/originaldocumentproviders.com\/?page_id=595"},"modified":"2026-02-27T13:10:36","modified_gmt":"2026-02-27T13:10:36","slug":"visszaeles-bejelentese","status":"publish","type":"page","link":"https:\/\/originaldocumentproviders.com\/hu\/visszaeles-bejelentese\/","title":{"rendered":"Vissza\u00e9l\u00e9s jelent\u00e9se"},"content":{"rendered":"<div data-elementor-type=\"wp-page\" data-elementor-id=\"595\" class=\"elementor elementor-595\">\n\t\t\t\t<div class=\"elementor-element elementor-element-d213dbf e-flex e-con-boxed e-con e-parent\" data-id=\"d213dbf\" data-element_type=\"container\" data-settings=\"{&quot;background_background&quot;:&quot;classic&quot;}\">\n\t\t\t\t\t<div class=\"e-con-inner\">\n\t\t<div class=\"elementor-element elementor-element-79f312e e-con-full e-flex e-con e-child\" data-id=\"79f312e\" data-element_type=\"container\">\n\t\t\t\t<div class=\"elementor-element elementor-element-a83f1b4 elementor-widget elementor-widget-heading\" data-id=\"a83f1b4\" data-element_type=\"widget\" data-widget_type=\"heading.default\">\n\t\t\t\t<div class=\"elementor-widget-container\">\n\t\t\t\t\t<h1 class=\"elementor-heading-title elementor-size-default\">SCAM bejelent\u00e9se<\/h1>\t\t\t\t<\/div>\n\t\t\t\t<\/div>\n\t\t\t\t<\/div>\n\t\t\t\t\t<\/div>\n\t\t\t\t<\/div>\n\t\t<div class=\"elementor-element elementor-element-c76ad99 e-flex e-con-boxed e-con e-parent\" data-id=\"c76ad99\" data-element_type=\"container\">\n\t\t\t\t\t<div class=\"e-con-inner\">\n\t\t\t\t<div class=\"elementor-element elementor-element-4ad06fc elementor-widget elementor-widget-text-editor\" data-id=\"4ad06fc\" data-element_type=\"widget\" data-widget_type=\"text-editor.default\">\n\t\t\t\t<div class=\"elementor-widget-container\">\n\t\t\t\t\t\t\t\t\t<p>Elk\u00f6telezettek vagyunk a biztons\u00e1gos \u00e9s \u0151szinte k\u00f6rnyezet fenntart\u00e1sa mellett minden felhaszn\u00e1l\u00f3 sz\u00e1m\u00e1ra. Ha \u00e1tver\u00e9ssel, zaklat\u00e1ssal vagy b\u00e1rmilyen vissza\u00e9l\u00e9ssel tal\u00e1lkozott a weboldalunkon, k\u00e9rj\u00fck, azonnal \u00e9rtes\u00edtsen minket, hogy megtegy\u00fck a sz\u00fcks\u00e9ges l\u00e9p\u00e9seket.<\/p><h3 data-path-to-node=\"5\">Hogyan kell jelenteni<\/h3><p data-path-to-node=\"6\">Annak \u00e9rdek\u00e9ben, hogy seg\u00edtsen nek\u00fcnk hat\u00e9konyan kivizsg\u00e1lni a k\u00e1rig\u00e9ny\u00e9t, k\u00e9rj\u00fck, k\u00fcldj\u00f6n e-mailt a biztons\u00e1gi csapatunknak a k\u00f6vetkez\u0151 c\u00edmre:\u00a0<\/p><p><strong>reportabuseoriginaldocuments@gmail.com<\/strong><\/p>\t\t\t\t\t\t\t\t<\/div>\n\t\t\t\t<\/div>\n\t\t\t\t\t<\/div>\n\t\t\t\t<\/div>\n\t\t\t\t<\/div>","protected":false},"excerpt":{"rendered":"<p>SCAM jelent\u00e9se Elk\u00f6telezettek vagyunk a biztons\u00e1gos \u00e9s \u0151szinte k\u00f6rnyezet fenntart\u00e1sa mellett minden felhaszn\u00e1l\u00f3 sz\u00e1m\u00e1ra. Ha \u00e1tver\u00e9ssel, zaklat\u00e1ssal vagy b\u00e1rmilyen vissza\u00e9l\u00e9ssel tal\u00e1lkozott a weboldalunkon, k\u00e9rj\u00fck, azonnal \u00e9rtes\u00edtsen minket, hogy megtegy\u00fck a sz\u00fcks\u00e9ges l\u00e9p\u00e9seket. Hogyan kell jelenteni Ahhoz, hogy seg\u00edtsen nek\u00fcnk hat\u00e9konyan kivizsg\u00e1lni a panasz\u00e1t, k\u00e9rj\u00fck, k\u00fcldje el [...]<\/p>","protected":false},"author":1,"featured_media":0,"parent":0,"menu_order":0,"comment_status":"closed","ping_status":"closed","template":"","meta":{"site-sidebar-layout":"no-sidebar","site-content-layout":"","ast-site-content-layout":"full-width-container","site-content-style":"default","site-sidebar-style":"default","ast-global-header-display":"","ast-banner-title-visibility":"","ast-main-header-display":"","ast-hfb-above-header-display":"","ast-hfb-below-header-display":"","ast-hfb-mobile-header-display":"","site-post-title":"disabled","ast-breadcrumbs-content":"","ast-featured-img":"disabled","footer-sml-layout":"","theme-transparent-header-meta":"","adv-header-id-meta":"","stick-header-meta":"","header-above-stick-meta":"","header-main-stick-meta":"","header-below-stick-meta":"","astra-migrate-meta-layouts":"default","ast-page-background-enabled":"default","ast-page-background-meta":{"desktop":{"background-color":"var(--ast-global-color-4)","background-image":"","background-repeat":"repeat","background-position":"center center","background-size":"auto","background-attachment":"scroll","background-type":"","background-media":"","overlay-type":"","overlay-color":"","overlay-opacity":"","overlay-gradient":""},"tablet":{"background-color":"","background-image":"","background-repeat":"repeat","background-position":"center center","background-size":"auto","background-attachment":"scroll","background-type":"","background-media":"","overlay-type":"","overlay-color":"","overlay-opacity":"","overlay-gradient":""},"mobile":{"background-color":"","background-image":"","background-repeat":"repeat","background-position":"center center","background-size":"auto","background-attachment":"scroll","background-type":"","background-media":"","overlay-type":"","overlay-color":"","overlay-opacity":"","overlay-gradient":""}},"ast-content-background-meta":{"desktop":{"background-color":"var(--ast-global-color-5)","background-image":"","background-repeat":"repeat","background-position":"center center","background-size":"auto","background-attachment":"scroll","background-type":"","background-media":"","overlay-type":"","overlay-color":"","overlay-opacity":"","overlay-gradient":""},"tablet":{"background-color":"var(--ast-global-color-5)","background-image":"","background-repeat":"repeat","background-position":"center center","background-size":"auto","background-attachment":"scroll","background-type":"","background-media":"","overlay-type":"","overlay-color":"","overlay-opacity":"","overlay-gradient":""},"mobile":{"background-color":"var(--ast-global-color-5)","background-image":"","background-repeat":"repeat","background-position":"center center","background-size":"auto","background-attachment":"scroll","background-type":"","background-media":"","overlay-type":"","overlay-color":"","overlay-opacity":"","overlay-gradient":""}},"footnotes":""},"class_list":["post-595","page","type-page","status-publish","hentry"],"_links":{"self":[{"href":"https:\/\/originaldocumentproviders.com\/hu\/wp-json\/wp\/v2\/pages\/595","targetHints":{"allow":["GET"]}}],"collection":[{"href":"https:\/\/originaldocumentproviders.com\/hu\/wp-json\/wp\/v2\/pages"}],"about":[{"href":"https:\/\/originaldocumentproviders.com\/hu\/wp-json\/wp\/v2\/types\/page"}],"author":[{"embeddable":true,"href":"https:\/\/originaldocumentproviders.com\/hu\/wp-json\/wp\/v2\/users\/1"}],"replies":[{"embeddable":true,"href":"https:\/\/originaldocumentproviders.com\/hu\/wp-json\/wp\/v2\/comments?post=595"}],"version-history":[{"count":4,"href":"https:\/\/originaldocumentproviders.com\/hu\/wp-json\/wp\/v2\/pages\/595\/revisions"}],"predecessor-version":[{"id":617,"href":"https:\/\/originaldocumentproviders.com\/hu\/wp-json\/wp\/v2\/pages\/595\/revisions\/617"}],"wp:attachment":[{"href":"https:\/\/originaldocumentproviders.com\/hu\/wp-json\/wp\/v2\/media?parent=595"}],"curies":[{"name":"wp","href":"https:\/\/api.w.org\/{rel}","templated":true}]}}